{"id":3979,"date":"2019-12-19T11:01:47","date_gmt":"2019-12-18T22:01:47","guid":{"rendered":"http:\/\/quarantineisland.org.nz\/?page_id=3979"},"modified":"2024-06-03T20:04:44","modified_gmt":"2024-06-03T08:04:44","slug":"history","status":"publish","type":"page","link":"https:\/\/quarantineisland.org.nz\/index.php\/history\/","title":{"rendered":"History"},"content":{"rendered":"\n<h3 class=\"wp-block-heading\">The Island\u2019s Story<\/h3>\n\n\n\n<p>Quarantine Island \/ Kamau Taurua has a rich history.<\/p>\n\n\n\n<figure class=\"wp-block-image size-large\"><img loading=\"lazy\" decoding=\"async\" width=\"1024\" height=\"637\" src=\"https:\/\/quarantineisland.org.nz\/wp-content\/uploads\/2013\/08\/The-Island-Painting-1024x637.jpg\" alt=\"\" class=\"wp-image-189\" srcset=\"https:\/\/quarantineisland.org.nz\/wp-content\/uploads\/2013\/08\/The-Island-Painting-1024x637.jpg 1024w, https:\/\/quarantineisland.org.nz\/wp-content\/uploads\/2013\/08\/The-Island-Painting-300x186.jpg 300w, https:\/\/quarantineisland.org.nz\/wp-content\/uploads\/2013\/08\/The-Island-Painting.jpg 1280w\" sizes=\"auto, (max-width: 1024px) 100vw, 1024px\" \/><figcaption>QIKT with first building ~1864 in a clearing in the bush. Watercolour by William Handcock, 1864. Hocken Pictorials.<\/figcaption><\/figure>\n\n\n\n<p>This is a brief outline of the history expanded in other pages. The Island lies within the takiw\u0101 of Te R\u016bnaka o \u014ct\u0101kou and their mana whenua is recognised.<\/p>\n\n\n\n<p><a href=\"https:\/\/quarantineisland.org.nz\/index.php\/about-us\/geology-geography-and-ecology\/\">Geographically <\/a>the island and its neighbour Goat Island\/Rakiriri indicate the centre of the<a href=\"https:\/\/quarantineisland.org.nz\/index.php\/about-us\/geology-geography-and-ecology\/\"> volcano that formed Otago Harbour.<\/a>&nbsp; If you imagine a ridge line extending from Port Chalmers across both islands and finishing on the Peninsula.&nbsp; The islands  mark the approximate halfway point up Otago Harbour.<\/p>\n\n\n\n<p><a href=\"https:\/\/quarantineisland.org.nz\/index.php\/about-us\/maori-and-early-european-history\/\">Maori,<\/a> the tangata whenua (people of the land), <a href=\"http:\/\/www.otakourunaka.co.nz\/about-us\">Kai Tahu,<\/a> named it<a href=\"https:\/\/quarantineisland.org.nz\/index.php\/about-us\/maori-and-early-european-history\/\" data-type=\"URL\" data-id=\"https:\/\/quarantineisland.org.nz\/index.php\/about-us\/maori-and-early-european-history\/\"> Kamau Taurua<\/a> (or Kamautaurua). The island was, and is, a significant place for them on Te Wai <a href=\"http:\/\/www.otakourunaka.co.nz\/our-harbour\">\u014ct\u0101kou<\/a>. This is an ancestral name, the name of an ancestral canoe, and also has a literal meaning of \u2018a place where nets are set.\u2019 Its official name is Quarantine Island \/ Kamau Taurua as agreed as part of the <a href=\"https:\/\/ngaitahu.iwi.nz\/ngai-tahu\/the-settlement\/\">Ngai Tahu settlement (1996).<\/a><\/p>\n\n\n\n<p>The island was <a href=\"https:\/\/quarantineisland.org.nz\/index.php\/about-us\/history\/\">Otago\u2018s quarantine station<\/a> from 1863-1924.&nbsp; It was awarded the status of a Historic Area by the Historic Places Trust in 2001, and the Community makes as much information as possible available to all those visitors interested in the history of the Island.<\/p>\n\n\n\n<p>Early after the <a href=\"https:\/\/quarantineisland.org.nz\/index.php\/about-us\/community-and-doc-guardianship-1958-present\/\">Community\u2019s purchase<\/a> of the island\u2019s lease and buildings from the crown in 1958, they considered changing the name to St Martin Island, after <a href=\"https:\/\/en.wikipedia.org\/wiki\/Martin_of_Tours\">St Martin of Tours<\/a>.&nbsp; The thinking was that \u2018Quarantine\u2019 had sad memories and negative connotations.&nbsp; However, St Martin Island was never officially registered as the new name and the older name of Quarantine Island stayed until the 1990&#8217;s.&nbsp; The significant history of the island is embraced and acknowledged in this name and it is now given equal significance with its Maori counterpart Kamau Taurua.<\/p>\n\n\n\n<p>The book \u2018<em>Quarantine Island\/Kamau Taurua  (St Martin Island)\u2013 A Short History<\/em>\u2019 was written by long-time community member, Lyndall Hancock, and was first published in 2008.  Copies may be available from libraries and online book sellers. Much of the information on the history of the island found on this website has come from Lyndall, either through her book or first hand.\u00a0As the Community&#8217;s eldest member, Lyndall has contributed so much and is an abundant source of historic knowledge.<\/p>\n\n\n\n<p>In 2023, <em>Quarantine Island\/Kamau Taurua Community Inc.<\/em>\u00a0Council helped with a small revised reprint<em>.<\/em>\u00a0If you are interested in owning a copy please email secretary.quarantineisland@gmail.com  including <strong>your full postal address &amp; contact ph number<\/strong> and whether you would like the\u00a0<strong>book\/s posted<\/strong>\u00a0to you, or\u00a0<strong>hand delivered<\/strong> if you are living in the Dunedin area.<\/p>\n\n\n\n<p><strong>$35 per book (plus $8.20 post\/packaging<\/strong>, or can be hand delivered) <\/p>\n\n\n\n<p>Delivery upon receipt of payment to:<br><strong>Bank account number : Quarantine Island Kamau Taurua Community\u00a0<br>Kiwibank\u00a0\u00a0\u00a0\u00a0\u00a0 38 90170478888 00<br>Reference:\u00a0BOOK &amp; number of copies e.g. BOOK x2<\/strong><\/p>\n\n\n\n<figure class=\"wp-block-image size-large is-resized\"><img loading=\"lazy\" decoding=\"async\" src=\"https:\/\/quarantineisland.org.nz\/wp-content\/uploads\/2020\/09\/QI-Short-History.jpg\" alt=\"\" class=\"wp-image-4526\" width=\"300\" height=\"419\"\/><\/figure>\n\n\n\n<p>A new book &#8216;<em>Seaswept Twelve Years in Quarantine<\/em>&#8216; (published in 2021) has been written by former island Keeper Kathy Morrison and is Kathy&#8217;s personal and beautiful account of stories and events during her 12 years as Keeper. <\/p>\n\n\n\n<p>If you would like to purchase a copy of&nbsp;<em>Seaswept Twelve Years in Quarantine<\/em>&nbsp;you can either contact&nbsp;secretary.quarantineisland@gmail.com&nbsp;or&nbsp;email Kathy directly at&nbsp;<a rel=\"noreferrer noopener\" href=\"mailto:grannyisland@yahoo.co.nz\" target=\"_blank\">grannyisland@yahoo.co.nz<\/a>&nbsp;<br><br>Cost: $35 (plus $7 for postage).<br>Pay&nbsp;to:&nbsp;Seaswept 38-9011-0178251-03<\/p>\n\n\n\n<figure class=\"wp-block-image size-large is-resized\"><img loading=\"lazy\" decoding=\"async\" src=\"https:\/\/quarantineisland.org.nz\/wp-content\/uploads\/2022\/01\/IMG_4708-600x800.jpg\" alt=\"\" class=\"wp-image-5263\" width=\"325\" height=\"434\" srcset=\"https:\/\/quarantineisland.org.nz\/wp-content\/uploads\/2022\/01\/IMG_4708-600x800.jpg 600w, https:\/\/quarantineisland.org.nz\/wp-content\/uploads\/2022\/01\/IMG_4708-300x400.jpg 300w, https:\/\/quarantineisland.org.nz\/wp-content\/uploads\/2022\/01\/IMG_4708.jpg 756w\" sizes=\"auto, (max-width: 325px) 100vw, 325px\" \/><\/figure>\n","protected":false},"excerpt":{"rendered":"<p>The Island\u2019s Story Quarantine Island \/ Kamau Taurua has a rich history. This is a brief outline of the history expanded in other pages. The Island lies within the takiw\u0101 of Te R\u016bnaka o \u014ct\u0101kou and their mana whenua is recognised. Geographically the island and its neighbour Goat Island\/Rakiriri indicate the centre of the volcano  More &#8230;<\/p>\n","protected":false},"author":7,"featured_media":0,"parent":0,"menu_order":0,"comment_status":"closed","ping_status":"closed","template":"","meta":{"footnotes":""},"class_list":["post-3979","page","type-page","status-publish","hentry"],"_links":{"self":[{"href":"https:\/\/quarantineisland.org.nz\/index.php\/wp-json\/wp\/v2\/pages\/3979","targetHints":{"allow":["GET"]}}],"collection":[{"href":"https:\/\/quarantineisland.org.nz\/index.php\/wp-json\/wp\/v2\/pages"}],"about":[{"href":"https:\/\/quarantineisland.org.nz\/index.php\/wp-json\/wp\/v2\/types\/page"}],"author":[{"embeddable":true,"href":"https:\/\/quarantineisland.org.nz\/index.php\/wp-json\/wp\/v2\/users\/7"}],"replies":[{"embeddable":true,"href":"https:\/\/quarantineisland.org.nz\/index.php\/wp-json\/wp\/v2\/comments?post=3979"}],"version-history":[{"count":20,"href":"https:\/\/quarantineisland.org.nz\/index.php\/wp-json\/wp\/v2\/pages\/3979\/revisions"}],"predecessor-version":[{"id":5718,"href":"https:\/\/quarantineisland.org.nz\/index.php\/wp-json\/wp\/v2\/pages\/3979\/revisions\/5718"}],"wp:attachment":[{"href":"https:\/\/quarantineisland.org.nz\/index.php\/wp-json\/wp\/v2\/media?parent=3979"}],"curies":[{"name":"wp","href":"https:\/\/api.w.org\/{rel}","templated":true}]}}